{"id":163,"date":"2025-09-02T18:11:30","date_gmt":"2025-09-02T16:11:30","guid":{"rendered":"https:\/\/lestihr.de\/?page_id=163"},"modified":"2025-09-02T18:11:50","modified_gmt":"2025-09-02T16:11:50","slug":"manuskripte","status":"publish","type":"page","link":"https:\/\/lestihr.de\/?page_id=163","title":{"rendered":"Autor:in werden"},"content":{"rendered":"\n<p><strong>Hinweis: Bitte beachtet, dass wir erst ab Januar 2026 wieder Manuskripte annehmen. Bewerbung, die dennoch vor Januar eingesendet werden, werden ungesehen gel\u00f6scht.<\/strong><\/p>\n\n\n\n<p>Du m\u00f6chtest Autor*in bei Lestihr \u2013 Dein junges Verlagshaus werden?<\/p>\n\n\n\n<p>Wir freuen uns \u00fcber dein Interesse, Teil unseres Verlagsprogramms zu werden! Als junges, dynamisches Verlagshaus mit dem Fokus auf Krimi, Psychothriller, Science Fiction, Kinder- und Jugendb\u00fccher sowie Fantasy sind wir immer auf der Suche nach spannenden Geschichten, au\u00dfergew\u00f6hnlichen Charakteren und frischen Ideen.<\/p>\n\n\n\n<p>Damit wir dein Werk pr\u00fcfen k\u00f6nnen, ben\u00f6tigen wir deine Unterlagen ausschlie\u00dflich digital. Einsendungen per Post k\u00f6nnen leider nicht ber\u00fccksichtigt werden.<\/p>\n\n\n\n<p>Was wir von dir brauchen:<\/p>\n\n\n\n<p>Bitte sende uns ein aussagekr\u00e4ftiges Expos\u00e9 per E-Mail. Dieses sollte folgende Punkte enthalten:<\/p>\n\n\n\n<p>1.&nbsp;&nbsp;&nbsp;&nbsp;&nbsp;&nbsp;&nbsp;&nbsp;&nbsp;&nbsp; Autor*innen-Informationen<\/p>\n\n\n\n<p>o&nbsp;&nbsp;&nbsp;&nbsp;&nbsp;&nbsp;&nbsp;&nbsp;&nbsp;&nbsp;&nbsp; Name<\/p>\n\n\n\n<p>o&nbsp;&nbsp;&nbsp;&nbsp;&nbsp;&nbsp;&nbsp;&nbsp;&nbsp;&nbsp;&nbsp; Anschrift<\/p>\n\n\n\n<p>o&nbsp;&nbsp;&nbsp;&nbsp;&nbsp;&nbsp;&nbsp;&nbsp;&nbsp;&nbsp;&nbsp; E-Mail-Adresse<\/p>\n\n\n\n<p>o&nbsp;&nbsp;&nbsp;&nbsp;&nbsp;&nbsp;&nbsp;&nbsp;&nbsp;&nbsp;&nbsp; Telefonnummer<\/p>\n\n\n\n<p>o&nbsp;&nbsp;&nbsp;&nbsp;&nbsp;&nbsp;&nbsp;&nbsp;&nbsp;&nbsp;&nbsp; (optional) Website und\/oder Social-Media-Profile<\/p>\n\n\n\n<p>o&nbsp;&nbsp;&nbsp;&nbsp;&nbsp;&nbsp;&nbsp;&nbsp;&nbsp;&nbsp;&nbsp; Eine kurze Vita, ggf. mit Informationen zu bisherigen Ver\u00f6ffentlichungen<\/p>\n\n\n\n<p>2.&nbsp;&nbsp;&nbsp;&nbsp;&nbsp;&nbsp;&nbsp;&nbsp;&nbsp;&nbsp; Informationen zu deinem Buch<\/p>\n\n\n\n<p>o&nbsp;&nbsp;&nbsp;&nbsp;&nbsp;&nbsp;&nbsp;&nbsp;&nbsp;&nbsp;&nbsp; Kurze Inhaltsangabe (max. 1 Seite)<\/p>\n\n\n\n<p>o&nbsp;&nbsp;&nbsp;&nbsp;&nbsp;&nbsp;&nbsp;&nbsp;&nbsp;&nbsp;&nbsp; Genre und Zielgruppe<\/p>\n\n\n\n<p>o&nbsp;&nbsp;&nbsp;&nbsp;&nbsp;&nbsp;&nbsp;&nbsp;&nbsp;&nbsp;&nbsp; Angabe der Normseiten (Gesamtl\u00e4nge des Manuskripts)<\/p>\n\n\n\n<p>o&nbsp;&nbsp;&nbsp;&nbsp;&nbsp;&nbsp;&nbsp;&nbsp;&nbsp;&nbsp;&nbsp; Kurzbeschreibung der Hauptfiguren<\/p>\n\n\n\n<p>o&nbsp;&nbsp;&nbsp;&nbsp;&nbsp;&nbsp;&nbsp;&nbsp;&nbsp;&nbsp;&nbsp; Was macht dein Buch besonders? \u2013 Zeig uns, was deine Geschichte einzigartig macht und warum sie zu uns passt.<\/p>\n\n\n\n<p>Optional freuen wir uns \u00fcber die ersten 30 Seiten deines Manuskripts, damit wir uns einen ersten Eindruck von deinem Stil verschaffen k\u00f6nnen.<\/p>\n\n\n\n<p>\ud83d\udc49 Hinweis zu den Dateiformaten:<\/p>\n\n\n\n<p>Bitte sende uns dein Expos\u00e9 und ggf. das Manuskript als PDF oder Word-Datei (.pdf \/ .docx). Achte darauf, dass alle Inhalte gut lesbar und vollst\u00e4ndig sind. Gerne darf alles in einer Datei zusammengefasst sein.<\/p>\n\n\n\n<p>Und wie geht es weiter?<\/p>\n\n\n\n<p>Sollte uns dein Expos\u00e9 \u00fcberzeugen, nehmen wir innerhalb von drei Monaten Kontakt mit dir auf. Bitte habe Verst\u00e4ndnis daf\u00fcr, dass wir bei der Vielzahl an Einsendungen nur R\u00fcckmeldung geben, wenn wir ernsthaftes Interesse an deinem Manuskript haben.<\/p>\n\n\n\n<p>Wir freuen uns auf deine Geschichte!<\/p>\n\n\n\n<p>Dein Team von Lestihr \u2013 Dein junges Verlagshaus<\/p>\n","protected":false},"excerpt":{"rendered":"<p>Hinweis: Bitte beachtet, dass wir erst ab Januar 2026 wieder Manuskripte annehmen. Bewerbung, die dennoch vor Januar eingesendet werden, werden ungesehen gel\u00f6scht. Du m\u00f6chtest Autor*in bei Lestihr \u2013 Dein junges Verlagshaus werden? Wir freuen uns \u00fcber dein Interesse, Teil unseres Verlagsprogramms zu werden! Als junges, dynamisches Verlagshaus mit dem Fokus auf Krimi, Psychothriller, Science Fiction, [&hellip;]<\/p>\n","protected":false},"author":1,"featured_media":0,"parent":0,"menu_order":0,"comment_status":"closed","ping_status":"closed","template":"","meta":{"_themeisle_gutenberg_block_has_review":false,"footnotes":""},"class_list":["post-163","page","type-page","status-publish","hentry"],"_links":{"self":[{"href":"https:\/\/lestihr.de\/index.php?rest_route=\/wp\/v2\/pages\/163","targetHints":{"allow":["GET"]}}],"collection":[{"href":"https:\/\/lestihr.de\/index.php?rest_route=\/wp\/v2\/pages"}],"about":[{"href":"https:\/\/lestihr.de\/index.php?rest_route=\/wp\/v2\/types\/page"}],"author":[{"embeddable":true,"href":"https:\/\/lestihr.de\/index.php?rest_route=\/wp\/v2\/users\/1"}],"replies":[{"embeddable":true,"href":"https:\/\/lestihr.de\/index.php?rest_route=%2Fwp%2Fv2%2Fcomments&post=163"}],"version-history":[{"count":2,"href":"https:\/\/lestihr.de\/index.php?rest_route=\/wp\/v2\/pages\/163\/revisions"}],"predecessor-version":[{"id":165,"href":"https:\/\/lestihr.de\/index.php?rest_route=\/wp\/v2\/pages\/163\/revisions\/165"}],"wp:attachment":[{"href":"https:\/\/lestihr.de\/index.php?rest_route=%2Fwp%2Fv2%2Fmedia&parent=163"}],"curies":[{"name":"wp","href":"https:\/\/api.w.org\/{rel}","templated":true}]}}