{"id":167,"date":"2025-09-02T18:13:49","date_gmt":"2025-09-02T16:13:49","guid":{"rendered":"https:\/\/lestihr.de\/?page_id=167"},"modified":"2026-02-12T08:53:17","modified_gmt":"2026-02-12T07:53:17","slug":"ueber-uns","status":"publish","type":"page","link":"https:\/\/lestihr.de\/?page_id=167","title":{"rendered":"\u00dcber uns"},"content":{"rendered":"\n<p><strong>Lestihr \u2013 Dein junges Verlagshaus<\/strong><\/p>\n\n\n\n<p>Gegr\u00fcndet im Jahr 2024, steht <strong>Lestihr<\/strong> f\u00fcr spannende, packende und fantasievolle Geschichten. Unser Verlag konzentriert sich auf die Genres <strong>Krimi, Psychothriller, Historische Romane, Fantasy, Science-Fiction, Kinder und Jugendb\u00fccher<\/strong> \u2013 B\u00fccher, die fesseln, begeistern und in andere Welten entf\u00fchren.<\/p>\n\n\n\n<p>Noch im Aufbau, aber mit einer klaren Vision, setzen wir auf Qualit\u00e4t, Kreativit\u00e4t und individuelle Betreuung unserer Autorinnen und Autoren. Neben dem Ver\u00f6ffentlichen von B\u00fcchern bieten wir auch in Zukunft <strong>Workshops und Schulungen<\/strong> an, um Schreibenden den Weg in die Verlagswelt zu erleichtern.<\/p>\n\n\n\n<p>Unsere Gr\u00fcnderin ist seit <strong>2016 in der Buchbranche t\u00e4tig<\/strong>, hat einen <strong>Bachelor of Commerce<\/strong> und bereits mehrere B\u00fccher erfolgreich ver\u00f6ffentlicht. Seit 2018 organisiert sie zudem die bekannte Buchmesse <strong>Liber Lestihr<\/strong> (ehemals Fabula est), was ihr tiefe Einblicke in die Literaturwelt und wertvolle Netzwerke erm\u00f6glicht.<\/p>\n\n\n\n<p>Lestihr \u2013 Ein Verlag f\u00fcr starke Geschichten und leidenschaftliche Autor:innen.<\/p>\n","protected":false},"excerpt":{"rendered":"<p>Lestihr \u2013 Dein junges Verlagshaus Gegr\u00fcndet im Jahr 2024, steht Lestihr f\u00fcr spannende, packende und fantasievolle Geschichten. Unser Verlag konzentriert sich auf die Genres Krimi, Psychothriller, Historische Romane, Fantasy, Science-Fiction, Kinder und Jugendb\u00fccher \u2013 B\u00fccher, die fesseln, begeistern und in andere Welten entf\u00fchren. Noch im Aufbau, aber mit einer klaren Vision, setzen wir auf Qualit\u00e4t, [&hellip;]<\/p>\n","protected":false},"author":1,"featured_media":0,"parent":0,"menu_order":0,"comment_status":"closed","ping_status":"closed","template":"","meta":{"_themeisle_gutenberg_block_has_review":false,"footnotes":""},"class_list":["post-167","page","type-page","status-publish","hentry"],"_links":{"self":[{"href":"https:\/\/lestihr.de\/index.php?rest_route=\/wp\/v2\/pages\/167","targetHints":{"allow":["GET"]}}],"collection":[{"href":"https:\/\/lestihr.de\/index.php?rest_route=\/wp\/v2\/pages"}],"about":[{"href":"https:\/\/lestihr.de\/index.php?rest_route=\/wp\/v2\/types\/page"}],"author":[{"embeddable":true,"href":"https:\/\/lestihr.de\/index.php?rest_route=\/wp\/v2\/users\/1"}],"replies":[{"embeddable":true,"href":"https:\/\/lestihr.de\/index.php?rest_route=%2Fwp%2Fv2%2Fcomments&post=167"}],"version-history":[{"count":2,"href":"https:\/\/lestihr.de\/index.php?rest_route=\/wp\/v2\/pages\/167\/revisions"}],"predecessor-version":[{"id":264,"href":"https:\/\/lestihr.de\/index.php?rest_route=\/wp\/v2\/pages\/167\/revisions\/264"}],"wp:attachment":[{"href":"https:\/\/lestihr.de\/index.php?rest_route=%2Fwp%2Fv2%2Fmedia&parent=167"}],"curies":[{"name":"wp","href":"https:\/\/api.w.org\/{rel}","templated":true}]}}