{"id":171,"date":"2025-09-02T18:23:32","date_gmt":"2025-09-02T16:23:32","guid":{"rendered":"https:\/\/lestihr.de\/?page_id=171"},"modified":"2026-02-13T00:06:50","modified_gmt":"2026-02-12T23:06:50","slug":"171-2","status":"publish","type":"page","link":"https:\/\/lestihr.de\/?page_id=171","title":{"rendered":"Autor:innen"},"content":{"rendered":"\n<div id=\"wp-block-themeisle-blocks-accordion-d1748f45\" class=\"wp-block-themeisle-blocks-accordion exclusive\">\n<details class=\"wp-block-themeisle-blocks-accordion-item\"><summary class=\"wp-block-themeisle-blocks-accordion-item__title\"><div>Krimi\/Psychothriller<\/div><\/summary><div class=\"wp-block-themeisle-blocks-accordion-item__content\">\n<div class=\"wp-block-media-text is-stacked-on-mobile is-image-fill-element\" style=\"grid-template-columns:20% auto\"><figure class=\"wp-block-media-text__media\"><img loading=\"lazy\" decoding=\"async\" width=\"1024\" height=\"683\" src=\"http:\/\/lestihr.de\/wp-content\/uploads\/2026\/02\/DSC5292sw-1024x683.jpg\" alt=\"\" class=\"wp-image-268 size-full\" style=\"object-position:50% 50%\" srcset=\"https:\/\/lestihr.de\/wp-content\/uploads\/2026\/02\/DSC5292sw-1024x683.jpg 1024w, https:\/\/lestihr.de\/wp-content\/uploads\/2026\/02\/DSC5292sw-300x200.jpg 300w, https:\/\/lestihr.de\/wp-content\/uploads\/2026\/02\/DSC5292sw-768x512.jpg 768w, https:\/\/lestihr.de\/wp-content\/uploads\/2026\/02\/DSC5292sw-1536x1024.jpg 1536w\" sizes=\"auto, (max-width: 1024px) 100vw, 1024px\" \/><\/figure><div class=\"wp-block-media-text__content\">\n<h3 class=\"wp-block-heading has-text-align-center\">Marcus H\u00fcnnebeck<\/h3>\n\n\n\n<p class=\"has-text-align-center\">Marcus H\u00fcnnebeck geh\u00f6rt zu den erfolgreichsten Thriller-Autoren Deutschlands. Seine B\u00fccher erreichen regelm\u00e4\u00dfig die vordersten Positionen in den Bestsellerlisten und begeisterten inzwischen \u00fcber dreieinhalb Millionen Leser und H\u00f6rer. Besonders mit der Reihe um die beiden Hauptkommissare Robert Drosten und Lukas Sommer hat er sich in der Gunst der Leser nach vorn geschrieben. Nachdem er im Ruhrgebiet aufgewachsen und danach viele Jahre im Rheinland gelebt hat, wohnt er inzwischen in Hamburg.<\/p>\n<\/div><\/div>\n<\/div><\/details>\n\n\n\n<details class=\"wp-block-themeisle-blocks-accordion-item\"><summary class=\"wp-block-themeisle-blocks-accordion-item__title\"><div>Fantasy<\/div><\/summary><div class=\"wp-block-themeisle-blocks-accordion-item__content\">\n<div class=\"wp-block-media-text is-stacked-on-mobile\" style=\"grid-template-columns:20% auto\"><figure class=\"wp-block-media-text__media\"><img loading=\"lazy\" decoding=\"async\" width=\"640\" height=\"648\" src=\"https:\/\/lestihr.de\/wp-content\/uploads\/2025\/09\/ChristinaWillemse.jpg\" alt=\"\" class=\"wp-image-177 size-full\" srcset=\"https:\/\/lestihr.de\/wp-content\/uploads\/2025\/09\/ChristinaWillemse.jpg 640w, https:\/\/lestihr.de\/wp-content\/uploads\/2025\/09\/ChristinaWillemse-296x300.jpg 296w, https:\/\/lestihr.de\/wp-content\/uploads\/2025\/09\/ChristinaWillemse-600x608.jpg 600w, https:\/\/lestihr.de\/wp-content\/uploads\/2025\/09\/ChristinaWillemse-100x100.jpg 100w\" sizes=\"auto, (max-width: 640px) 100vw, 640px\" \/><\/figure><div class=\"wp-block-media-text__content\">\n<h3 class=\"wp-block-heading has-text-align-center\">Christina Willemse<\/h3>\n\n\n\n<p class=\"has-text-align-center\">Christina Willemse, geboren 1981, begeistert mit Dark-Fantasy-Romanen und Kinderb\u00fcchern Leser jeden Alters. Als Initiatorin der Buchmesse <em>Liber Lestihr<\/em>, die 2018 als <em>Fabula est<\/em> begann, macht sie Solingen zum literarischen Hotspot. Die Messe bietet Highlights wie den Jugendschreibwettbewerb, dessen Texte in Anthologien ver\u00f6ffentlicht werden. 2024 gr\u00fcndete sie die <em>Lestihr UG (haftungsbeschr\u00e4nkt)<\/em> und startet als Verlegerin durch. Ihr Engagement f\u00f6rdert den kreativen Austausch und junge Talente.<\/p>\n<\/div><\/div>\n<\/div><\/details>\n\n\n\n<details class=\"wp-block-themeisle-blocks-accordion-item\"><summary class=\"wp-block-themeisle-blocks-accordion-item__title\"><div>Science-Fiction<\/div><\/summary><div class=\"wp-block-themeisle-blocks-accordion-item__content\">\n<div class=\"wp-block-media-text is-stacked-on-mobile\" style=\"grid-template-columns:19% auto\"><figure class=\"wp-block-media-text__media\"><img loading=\"lazy\" decoding=\"async\" width=\"327\" height=\"426\" src=\"https:\/\/lestihr.de\/wp-content\/uploads\/2025\/09\/MichaelSpitzer.jpg\" alt=\"\" class=\"wp-image-173 size-full\" srcset=\"https:\/\/lestihr.de\/wp-content\/uploads\/2025\/09\/MichaelSpitzer.jpg 327w, https:\/\/lestihr.de\/wp-content\/uploads\/2025\/09\/MichaelSpitzer-230x300.jpg 230w\" sizes=\"auto, (max-width: 327px) 100vw, 327px\" \/><\/figure><div class=\"wp-block-media-text__content\">\n<h3 class=\"wp-block-heading has-text-align-center\">Michael G. Spitzer<\/h3>\n\n\n\n<p class=\"has-text-align-center\">Michael G. Spitzer erblickte 1971 in K\u00f6ln das Licht der Welt. Nach seiner Schulzeit begann er eine Ausbildung bei der Polizei und \u00fcbt diesen Beruf bis heute aus. Mittlerweile hat er seiner Heimatstadt den R\u00fccken gekehrt und sich unweit von K\u00f6ln ein neues Domizil geschaffen. Dort lebt er mit Frau und drei Kindern im Nahbereich der gro\u00dfen Domstadt. 2015 erblickte seine erste Protagonistin Danielle \u201eDan\u201c Berg das Licht der Welt. Seit diesem Zeitpunkt wurde aus einer anf\u00e4nglich fixen Idee des Schreibens eine Passion. Mittlerweile sind mehrere B\u00fccher und Kurzgeschichten aus seiner Feder ver\u00f6ffentlicht, w\u00e4hrend weitere Geschichten darauf warten, endlich niedergeschrieben zu werden.<\/p>\n<\/div><\/div>\n<\/div><\/details>\n\n\n\n<details class=\"wp-block-themeisle-blocks-accordion-item\"><summary class=\"wp-block-themeisle-blocks-accordion-item__title\"><div>Kinder-\/Jugendb\u00fccher<\/div><\/summary><div class=\"wp-block-themeisle-blocks-accordion-item__content\">\n<div class=\"wp-block-media-text is-stacked-on-mobile\" style=\"grid-template-columns:20% auto\"><figure class=\"wp-block-media-text__media\"><img loading=\"lazy\" decoding=\"async\" width=\"640\" height=\"648\" src=\"https:\/\/lestihr.de\/wp-content\/uploads\/2025\/09\/ChristinaWillemse.jpg\" alt=\"\" class=\"wp-image-177 size-full\" srcset=\"https:\/\/lestihr.de\/wp-content\/uploads\/2025\/09\/ChristinaWillemse.jpg 640w, https:\/\/lestihr.de\/wp-content\/uploads\/2025\/09\/ChristinaWillemse-296x300.jpg 296w, https:\/\/lestihr.de\/wp-content\/uploads\/2025\/09\/ChristinaWillemse-600x608.jpg 600w, https:\/\/lestihr.de\/wp-content\/uploads\/2025\/09\/ChristinaWillemse-100x100.jpg 100w\" sizes=\"auto, (max-width: 640px) 100vw, 640px\" \/><\/figure><div class=\"wp-block-media-text__content\">\n<h3 class=\"wp-block-heading has-text-align-center\">Christina Willemse<\/h3>\n\n\n\n<p class=\"has-text-align-center\">Christina Willemse, geboren 1981, begeistert mit Dark-Fantasy-Romanen und Kinderb\u00fcchern Leser jeden Alters. Als Initiatorin der Buchmesse <em>Liber Lestihr<\/em>, die 2018 als <em>Fabula est<\/em> begann, macht sie Solingen zum literarischen Hotspot. Die Messe bietet Highlights wie den Jugendschreibwettbewerb, dessen Texte in Anthologien ver\u00f6ffentlicht werden. 2024 gr\u00fcndete sie die <em>Lestihr UG (haftungsbeschr\u00e4nkt)<\/em> und startet als Verlegerin durch. Ihr Engagement f\u00f6rdert den kreativen Austausch und junge Talente.<\/p>\n<\/div><\/div>\n<\/div><\/details>\n<\/div>\n","protected":false},"excerpt":{"rendered":"","protected":false},"author":1,"featured_media":0,"parent":0,"menu_order":0,"comment_status":"closed","ping_status":"closed","template":"","meta":{"_themeisle_gutenberg_block_has_review":false,"footnotes":""},"class_list":["post-171","page","type-page","status-publish","hentry"],"_links":{"self":[{"href":"https:\/\/lestihr.de\/index.php?rest_route=\/wp\/v2\/pages\/171","targetHints":{"allow":["GET"]}}],"collection":[{"href":"https:\/\/lestihr.de\/index.php?rest_route=\/wp\/v2\/pages"}],"about":[{"href":"https:\/\/lestihr.de\/index.php?rest_route=\/wp\/v2\/types\/page"}],"author":[{"embeddable":true,"href":"https:\/\/lestihr.de\/index.php?rest_route=\/wp\/v2\/users\/1"}],"replies":[{"embeddable":true,"href":"https:\/\/lestihr.de\/index.php?rest_route=%2Fwp%2Fv2%2Fcomments&post=171"}],"version-history":[{"count":6,"href":"https:\/\/lestihr.de\/index.php?rest_route=\/wp\/v2\/pages\/171\/revisions"}],"predecessor-version":[{"id":269,"href":"https:\/\/lestihr.de\/index.php?rest_route=\/wp\/v2\/pages\/171\/revisions\/269"}],"wp:attachment":[{"href":"https:\/\/lestihr.de\/index.php?rest_route=%2Fwp%2Fv2%2Fmedia&parent=171"}],"curies":[{"name":"wp","href":"https:\/\/api.w.org\/{rel}","templated":true}]}}